{"id":32,"date":"2023-01-29T19:34:41","date_gmt":"2023-01-29T17:34:41","guid":{"rendered":"https:\/\/ennetusmudel.ee\/?page_id=32"},"modified":"2024-05-30T11:00:21","modified_gmt":"2024-05-30T09:00:21","slug":"projekti-partnerid","status":"publish","type":"page","link":"https:\/\/ennetusmudel.ee\/?page_id=32","title":{"rendered":"MEESKONNAD"},"content":{"rendered":"<div class=\"paragraph\" style=\"text-align: center;\">\n<div class=\"paragraph\"><span style=\"color: #5040ae;\"><strong><span style=\"font-size: large;\">&#8220;L\u00e4\u00e4ne-Viru maakondliku integreeritud teenusmudeli v\u00e4ljaarendamine koolist v\u00e4ljalangemise ennetamiseks&#8221;<\/span><\/strong><br \/>\n<strong><em>\u200b\u201eDevelopment of Integrated Service Model for Prevention Work with Children at Risk of Dropping out of School in<\/em><\/strong><br \/>\n<strong><em>L\u00e4\u00e4ne-Viru County\u201c<\/em><\/strong><\/span><\/div>\n<div><\/div>\n<div class=\"paragraph\"><strong>Teenusedisaini ja juhitud koosloome meeskond:<\/strong><br \/>\nSotsiaalse Innovatsiooni Labori eksperdid Rasmus Pedanik, Jaan Aps ja Evelin Kostabi<\/div>\n<div class=\"paragraph\"><strong>Projekti meeskonnad:<\/strong><br \/>\n<strong>V\u00e4ike-Maarja vald<\/strong> (Anneli Tell, Tiia Kaselo, Kersti Sepp, Ene Kinks, Merle Kiigemaa, Kaja P\u00f5ldmaa, <strong>Jana Kroll<\/strong>)<br \/>\n<strong>Haljala vald<\/strong> (Merilin K\u00fctt, Meelis Pallon, Annika Kapp, Oliivia Kool, Heleene M\u00e4e, Johanna Juhkam, Aet Kruusim\u00e4gi, <strong>Helgi Vassar<\/strong>)<br \/>\n<strong>Kadrina vald<\/strong> (Marie Petrovits, Maria M\u00e4e, Kairi Tamj\u00e4rv, Ingrid Haavaj\u00f5e, Kai Tamm, Kr\u00f5\u00f5t N\u00f5mmela-Mehide, Maris Muusikus, Jane Li Duder, <strong>Kaili Treisalt<\/strong> )<br \/>\n<strong>Viru-Nigula vald<\/strong> (Arvo Pani, Elle Morel-Sipria, Riive Raam, <strong>Moonika Rander<\/strong>, Liivi Vares, Konstantin Lepik, Kairit Kaaleste)<br \/>\n<strong>Rakvere vald<\/strong> (Marja-Liisa M\u00e4nnik, Marju Malm, Tiina Halling, Monica Jaanimets, Evely Kajala,\u00a0 Ave Ojasalu,\u00a0 Eve Kangur,\u00a0 Egle Neuhaus, Heido Tammekand, <strong>Eneli Baumann<\/strong>)<br \/>\n<strong>Rakvere linn<\/strong> (Jane Palu, Leevi Lippasaar, Maarika Nael, Tiina Pihlak, Lea Pilme, Kristi Rist, Aleksei Osokin, <strong>Kersti Suun-Deket<\/strong>)<br \/>\n<strong>Vinni vald\u00a0<\/strong>(Mirjam Selli, Gaidi Kasu, Lea K\u00fclmallik, Aive Alavere, Airi Toiger, Kerli Hahndorf, <strong>Margit Diits<\/strong>)<br \/>\n<strong>Tapa vald<\/strong> (<strong>Ingrit Soesoo<\/strong>, <strong>Siiri Klasberg<\/strong>, Lii Jairus, Jekaterina Rohtla, Liliana Vall, Kadri Koha, Tea V\u00e4lk)<\/div>\n<div class=\"paragraph\"><strong>Projekti juhtr\u00fchm:<\/strong><br \/>\nigast omavalitsusest (8) \u00fcks esindaja (Jana Kroll, Kaili Treisalt, Helgi Vassar, Moonika Rander, Eneli Baumann, Kersti Suun-Deket, Margit Diits, Ingrit Soesoo);<br \/>\nSotsiaalkindlustusameti Lastekaitseosakonna ennetustalituse esindaja (Marika Laanem\u00e4e);<br \/>\nkooli\u00f5dede esindaja (Leevi Lippasaar);<br \/>\nPolitsei- ja Piirivalveameti Ida prefektuuri Rakvere politseijaoskonna esindaja (Kristi Rist);<br \/>\nt\u00f6\u00f6v\u00f5tja projektijuht ja kaks eksperti.<\/div>\n<div><\/div>\n<\/div>\n<div style=\"text-align: center;\"><img loading=\"lazy\" decoding=\"async\" class=\"size-medium wp-image-17 aligncenter\" src=\"https:\/\/ennetusmudel.ee\/wp-content\/uploads\/2023\/01\/eea-grants-logo_orig-300x211.png\" alt=\"\" width=\"300\" height=\"211\" srcset=\"https:\/\/ennetusmudel.ee\/wp-content\/uploads\/2023\/01\/eea-grants-logo_orig-300x211.png 300w, https:\/\/ennetusmudel.ee\/wp-content\/uploads\/2023\/01\/eea-grants-logo_orig.png 419w\" sizes=\"auto, (max-width: 300px) 100vw, 300px\" \/><\/div>\n<div><\/div>\n<div style=\"text-align: center;\"><\/div>\n<div style=\"text-align: center;\"><img loading=\"lazy\" decoding=\"async\" class=\"size-full wp-image-66 aligncenter\" src=\"https:\/\/ennetusmudel.ee\/wp-content\/uploads\/2023\/01\/virol-logo-png.png\" alt=\"\" width=\"166\" height=\"85\" \/><\/div>\n<div><\/div>\n<div style=\"text-align: center;\"><\/div>\n<div><img loading=\"lazy\" decoding=\"async\" class=\"size-full wp-image-65 aligncenter\" src=\"https:\/\/ennetusmudel.ee\/wp-content\/uploads\/2023\/01\/si-lab.png\" alt=\"\" width=\"188\" height=\"70\" \/><\/div>\n","protected":false},"excerpt":{"rendered":"<p>&#8220;L\u00e4\u00e4ne-Viru maakondliku integreeritud teenusmudeli v\u00e4ljaarendamine koolist v\u00e4ljalangemise ennetamiseks&#8221; \u200b\u201eDevelopment of Integrated Service Model for Prevention Work with Children at Risk of Dropping out of School in L\u00e4\u00e4ne-Viru County\u201c Teenusedisaini ja juhitud koosloome meeskond: Sotsiaalse Innovatsiooni Labori eksperdid Rasmus Pedanik, Jaan Aps ja Evelin Kostabi Projekti meeskonnad: V\u00e4ike-Maarja vald (Anneli Tell, Tiia Kaselo, Kersti Sepp, Ene [&hellip;]<\/p>\n","protected":false},"author":1,"featured_media":0,"parent":0,"menu_order":2,"comment_status":"closed","ping_status":"closed","template":"template-fullwidth.php","meta":{"footnotes":""},"class_list":["post-32","page","type-page","status-publish","hentry"],"_links":{"self":[{"href":"https:\/\/ennetusmudel.ee\/index.php?rest_route=\/wp\/v2\/pages\/32","targetHints":{"allow":["GET"]}}],"collection":[{"href":"https:\/\/ennetusmudel.ee\/index.php?rest_route=\/wp\/v2\/pages"}],"about":[{"href":"https:\/\/ennetusmudel.ee\/index.php?rest_route=\/wp\/v2\/types\/page"}],"author":[{"embeddable":true,"href":"https:\/\/ennetusmudel.ee\/index.php?rest_route=\/wp\/v2\/users\/1"}],"replies":[{"embeddable":true,"href":"https:\/\/ennetusmudel.ee\/index.php?rest_route=%2Fwp%2Fv2%2Fcomments&post=32"}],"version-history":[{"count":16,"href":"https:\/\/ennetusmudel.ee\/index.php?rest_route=\/wp\/v2\/pages\/32\/revisions"}],"predecessor-version":[{"id":1034,"href":"https:\/\/ennetusmudel.ee\/index.php?rest_route=\/wp\/v2\/pages\/32\/revisions\/1034"}],"wp:attachment":[{"href":"https:\/\/ennetusmudel.ee\/index.php?rest_route=%2Fwp%2Fv2%2Fmedia&parent=32"}],"curies":[{"name":"wp","href":"https:\/\/api.w.org\/{rel}","templated":true}]}}